{"id":77,"date":"2021-03-15T21:47:39","date_gmt":"2021-03-15T21:47:39","guid":{"rendered":"http:\/\/eppaltamirano.com.mx\/?page_id=77"},"modified":"2024-10-05T22:45:28","modified_gmt":"2024-10-05T22:45:28","slug":"historia","status":"publish","type":"page","link":"https:\/\/eppaltamirano.com.mx\/index.php\/historia\/","title":{"rendered":"Historia"},"content":{"rendered":"\n<p>La Profesora Mar\u00eda Salas Poulat naci\u00f3 en el centro de Tlalnepantla, Estado de M\u00e9xico, es recordada en la comunidad como una gran maestra y directora, labor\u00f3 durante m\u00e1s de 40 a\u00f1os en el servicio educativo, obtuvo importantes premios y reconocimientos a lo largo de su trayectoria, persona honesta, alegre servicial, siempre preocupada por la ni\u00f1ez.<br>En el a\u00f1o de 1960 su esposo, el Profesor Antonio Vargas Alc\u00e1ntara, le propone fundar una escuela primaria, este hecho la entusiasm\u00f3 pues su madre, la Profesora Virginia Poulat (quien fue una de las primeras profesoras en el municipio y quien ya era reconocida por su impecable trayectoria docente) pod\u00eda ayudarlos a concretar este proyecto, es as\u00ed como surge la Escuela Ignacio M. Altamirano, la cual abre sus puertas el 14 de febrero de 1961 atendiendo a ni\u00f1os de primer y segundo grado de primaria, gracias al buen desempe\u00f1o de las Profesoras y a la confianza de los Padres de Familia que ve\u00edan c\u00f3mo el entusiasmo, constancia y dedicaci\u00f3n de las maestras mejoraba el aprovechamiento de sus hijos, la escuela fue creciendo, con el invaluable apoyo de empresas como \u201cAceros Nacionales\u201d, el se\u00f1or Am\u00e9rico Vega, el se\u00f1or Jos\u00e9 Campi de Materiales Tlalnepantla y otras muchas valiosas personas la Profesora Mar\u00eda Salas logra la construcci\u00f3n de esta Instituci\u00f3n.<\/p>\n\n\n\n<figure class=\"wp-block-gallery has-nested-images columns-default is-cropped wp-block-gallery-1 is-layout-flex wp-block-gallery-is-layout-flex\">\n<figure class=\"wp-block-image size-full\"><img loading=\"lazy\" decoding=\"async\" width=\"629\" height=\"472\" data-id=\"166\" src=\"http:\/\/eppaltamirano.com.mx\/wp-content\/uploads\/2024\/10\/banda-guerra-escolar-blanco-negro.webp\" alt=\"Ni\u00f1os de la Banda de Guerra escolar tocando tambores y trompetas, imagen en blanco y negro.\" class=\"wp-image-166\" srcset=\"https:\/\/eppaltamirano.com.mx\/wp-content\/uploads\/2024\/10\/banda-guerra-escolar-blanco-negro.webp 629w, https:\/\/eppaltamirano.com.mx\/wp-content\/uploads\/2024\/10\/banda-guerra-escolar-blanco-negro-300x225.webp 300w\" sizes=\"(max-width: 629px) 100vw, 629px\" \/><figcaption class=\"wp-element-caption\">Tradici\u00f3n y disciplina en los desfiles escolares.<\/figcaption><\/figure>\n\n\n\n<figure class=\"wp-block-image size-full\"><img loading=\"lazy\" decoding=\"async\" width=\"598\" height=\"446\" data-id=\"167\" src=\"https:\/\/eppaltamirano.com.mx\/wp-content\/uploads\/2024\/10\/ninos-desfile-banderin-colegio.webp\" alt=\"Dos ni\u00f1os del colegio sosteniendo el bander\u00edn en un desfile por las calles.\" class=\"wp-image-167\" srcset=\"https:\/\/eppaltamirano.com.mx\/wp-content\/uploads\/2024\/10\/ninos-desfile-banderin-colegio.webp 598w, https:\/\/eppaltamirano.com.mx\/wp-content\/uploads\/2024\/10\/ninos-desfile-banderin-colegio-300x224.webp 300w\" sizes=\"(max-width: 598px) 100vw, 598px\" \/><figcaption class=\"wp-element-caption\">Ni\u00f1os en desfile: Orgullo escolar en las calles.<\/figcaption><\/figure>\n\n\n\n<figure class=\"wp-block-image size-full\"><img loading=\"lazy\" decoding=\"async\" width=\"630\" height=\"468\" data-id=\"169\" src=\"http:\/\/eppaltamirano.com.mx\/wp-content\/uploads\/2024\/10\/ninos-celebracion-marcha-banderin.webp\" alt=\"Dos ni\u00f1os marchando con el bander\u00edn del colegio durante una celebraci\u00f3n escolar.\" class=\"wp-image-169\" srcset=\"https:\/\/eppaltamirano.com.mx\/wp-content\/uploads\/2024\/10\/ninos-celebracion-marcha-banderin.webp 630w, https:\/\/eppaltamirano.com.mx\/wp-content\/uploads\/2024\/10\/ninos-celebracion-marcha-banderin-300x223.webp 300w\" sizes=\"(max-width: 630px) 100vw, 630px\" \/><figcaption class=\"wp-element-caption\">Marcha y celebraci\u00f3n: Festejos escolares con tradici\u00f3n.<\/figcaption><\/figure>\n\n\n\n<figure class=\"wp-block-image size-full\"><img loading=\"lazy\" decoding=\"async\" width=\"602\" height=\"448\" data-id=\"170\" src=\"https:\/\/eppaltamirano.com.mx\/wp-content\/uploads\/2024\/10\/honores-bandera-escolta-escolar.webp\" alt=\"La escolta escolar del colegio realizando los Honores a la Bandera.\" class=\"wp-image-170\" srcset=\"https:\/\/eppaltamirano.com.mx\/wp-content\/uploads\/2024\/10\/honores-bandera-escolta-escolar.webp 602w, https:\/\/eppaltamirano.com.mx\/wp-content\/uploads\/2024\/10\/honores-bandera-escolta-escolar-300x223.webp 300w\" sizes=\"(max-width: 602px) 100vw, 602px\" \/><figcaption class=\"wp-element-caption\">Honores a la Bandera: Patriotismo y respeto en la escolta escolar.<\/figcaption><\/figure>\n\n\n\n<figure class=\"wp-block-image size-full\"><img loading=\"lazy\" decoding=\"async\" width=\"598\" height=\"406\" data-id=\"171\" src=\"https:\/\/eppaltamirano.com.mx\/wp-content\/uploads\/2024\/10\/directivos-familia-pioneros-1960.webp\" alt=\"Los directivos de la escuela junto a sus familias y el bander\u00edn del colegio en la d\u00e9cada de 1960.\" class=\"wp-image-171\" srcset=\"https:\/\/eppaltamirano.com.mx\/wp-content\/uploads\/2024\/10\/directivos-familia-pioneros-1960.webp 598w, https:\/\/eppaltamirano.com.mx\/wp-content\/uploads\/2024\/10\/directivos-familia-pioneros-1960-300x204.webp 300w\" sizes=\"(max-width: 598px) 100vw, 598px\" \/><figcaption class=\"wp-element-caption\">Pioneros del colegio: Directivos y familias en 1960<\/figcaption><\/figure>\n\n\n\n<figure class=\"wp-block-image size-full\"><img loading=\"lazy\" decoding=\"async\" width=\"312\" height=\"465\" data-id=\"172\" src=\"https:\/\/eppaltamirano.com.mx\/wp-content\/uploads\/2024\/10\/directora-maria-salas-poulat-retrato.webp\" alt=\"Retrato de la profesora Mar\u00eda Salas Poulat, primera directora del colegio.\" class=\"wp-image-172\" srcset=\"https:\/\/eppaltamirano.com.mx\/wp-content\/uploads\/2024\/10\/directora-maria-salas-poulat-retrato.webp 312w, https:\/\/eppaltamirano.com.mx\/wp-content\/uploads\/2024\/10\/directora-maria-salas-poulat-retrato-201x300.webp 201w\" sizes=\"(max-width: 312px) 100vw, 312px\" \/><figcaption class=\"wp-element-caption\">Directora Mar\u00eda Salas Poulat: Liderazgo y visi\u00f3n en los inicios del colegio.<\/figcaption><\/figure>\n<\/figure>\n\n\n\n<p>Durante estos 60 a\u00f1os la escuela se ha ido adecuando a los requerimientos de cada \u00e9poca incluyendo dentro del programa de estudios materias obligatorias: como ingl\u00e9s, computaci\u00f3n, m\u00fasica, talleres extraescolares opcionales, capacitando constantemente al personal docente en el uso de nuevas tecnolog\u00edas para brindar a los ni\u00f1os y ni\u00f1as una educaci\u00f3n de calidad.<\/p>\n","protected":false},"excerpt":{"rendered":"<p>La Profesora Mar\u00eda Salas Poulat naci\u00f3 en el centro de Tlalnepantla, Estado de M\u00e9xico, es recordada en la comunidad como &hellip; <\/p>\n","protected":false},"author":1,"featured_media":0,"parent":0,"menu_order":0,"comment_status":"closed","ping_status":"closed","template":"","meta":{"rank_math_lock_modified_date":false,"footnotes":""},"class_list":["post-77","page","type-page","status-publish","hentry"],"_links":{"self":[{"href":"https:\/\/eppaltamirano.com.mx\/index.php\/wp-json\/wp\/v2\/pages\/77"}],"collection":[{"href":"https:\/\/eppaltamirano.com.mx\/index.php\/wp-json\/wp\/v2\/pages"}],"about":[{"href":"https:\/\/eppaltamirano.com.mx\/index.php\/wp-json\/wp\/v2\/types\/page"}],"author":[{"embeddable":true,"href":"https:\/\/eppaltamirano.com.mx\/index.php\/wp-json\/wp\/v2\/users\/1"}],"replies":[{"embeddable":true,"href":"https:\/\/eppaltamirano.com.mx\/index.php\/wp-json\/wp\/v2\/comments?post=77"}],"version-history":[{"count":6,"href":"https:\/\/eppaltamirano.com.mx\/index.php\/wp-json\/wp\/v2\/pages\/77\/revisions"}],"predecessor-version":[{"id":173,"href":"https:\/\/eppaltamirano.com.mx\/index.php\/wp-json\/wp\/v2\/pages\/77\/revisions\/173"}],"wp:attachment":[{"href":"https:\/\/eppaltamirano.com.mx\/index.php\/wp-json\/wp\/v2\/media?parent=77"}],"curies":[{"name":"wp","href":"https:\/\/api.w.org\/{rel}","templated":true}]}}