{"id":205,"date":"2024-10-08T18:44:12","date_gmt":"2024-10-08T18:44:12","guid":{"rendered":"https:\/\/eppaltamirano.com.mx\/?page_id=205"},"modified":"2025-08-01T18:52:06","modified_gmt":"2025-08-01T18:52:06","slug":"quinto-grado","status":"publish","type":"page","link":"https:\/\/eppaltamirano.com.mx\/index.php\/quinto-grado\/","title":{"rendered":"Quinto Grado"},"content":{"rendered":"\n<figure class=\"wp-block-image size-large\"><img loading=\"lazy\" decoding=\"async\" width=\"1024\" height=\"576\" src=\"https:\/\/eppaltamirano.com.mx\/wp-content\/uploads\/2024\/10\/salon-de-clases-de-quinto-grado-preparacion-para-el-futuro-pantalla-1024x576.webp\" alt=\"\" class=\"wp-image-225\" srcset=\"https:\/\/eppaltamirano.com.mx\/wp-content\/uploads\/2024\/10\/salon-de-clases-de-quinto-grado-preparacion-para-el-futuro-pantalla-1024x576.webp 1024w, https:\/\/eppaltamirano.com.mx\/wp-content\/uploads\/2024\/10\/salon-de-clases-de-quinto-grado-preparacion-para-el-futuro-pantalla-300x169.webp 300w, https:\/\/eppaltamirano.com.mx\/wp-content\/uploads\/2024\/10\/salon-de-clases-de-quinto-grado-preparacion-para-el-futuro-pantalla-768x432.webp 768w, https:\/\/eppaltamirano.com.mx\/wp-content\/uploads\/2024\/10\/salon-de-clases-de-quinto-grado-preparacion-para-el-futuro-pantalla.webp 1280w\" sizes=\"(max-width: 1024px) 100vw, 1024px\" \/><\/figure>\n\n<title>Test o Quiz sobre Mariposas \ud83e\udd8b\ud83c\udf38<\/title>\n<style>\n    body {\n        font-family: 'Comic Sans MS', cursive;\n        background: linear-gradient(135deg, #ffe5f0, #e0f0ff);\n        display: flex;\n        flex-direction: column;\n        align-items: center;\n        min-height: 100vh;\n        margin: 0;\n        padding: 20px;\n    }\n\n    .quiz-container {\n        background-color: white;\n        border-radius: 20px;\n        padding: 30px;\n        box-shadow: 0 8px 20px rgba(0,0,0,0.1);\n        max-width: 800px;\n        width: 90%;\n        margin: 20px auto;\n    }\n\n    h1 {\n        color: #ff69b4;\n        text-align: center;\n        font-size: 2.5em;\n        text-shadow: 2px 2px 4px rgba(0,0,0,0.1);\n    }\n\n    .question {\n        font-size: 1.2em;\n        color: #333;\n        margin: 20px 0;\n        padding: 15px;\n        background: #f8f9fa;\n        border-radius: 10px;\n    }\n\n    .options button {\n        display: block;\n        width: 100%;\n        padding: 15px;\n        margin: 10px 0;\n        border: none;\n        border-radius: 50px;\n        background: linear-gradient(45deg, #ff69b4, #ff8da1);\n        color: white;\n        font-size: 1.1em;\n        cursor: pointer;\n        transition: transform 0.2s, box-shadow 0.2s;\n    }\n\n    .options button:hover {\n        transform: translateY(-2px);\n        box-shadow: 0 5px 15px rgba(255,105,180,0.3);\n    }\n\n    .feedback {\n        position: fixed;\n        top: 50%;\n        left: 50%;\n        transform: translate(-50%, -50%);\n        padding: 20px;\n        border-radius: 15px;\n        display: none;\n        animation: popIn 0.5s ease-out;\n        z-index: 1000;\n    }\n\n    .score-display {\n        text-align: center;\n        margin: 20px 0;\n        font-size: 1.3em;\n        color: #666;\n    }\n\n    .score-number {\n        font-size: 2em;\n        font-weight: bold;\n        color: #ff69b4;\n    }\n\n    @keyframes popIn {\n        0% { transform: translate(-50%, -50%) scale(0); }\n        50% { transform: translate(-50%, -50%) scale(1.2); }\n        100% { transform: translate(-50%, -50%) scale(1); }\n    }\n<\/style>\n<script src=\"https:\/\/cdn.jsdelivr.net\/npm\/canvas-confetti@1.4.0\/dist\/confetti.browser.min.js\"><\/script>\n<\/head>\n<body>\n    <div class=\"quiz-container\">\n        <h1>Quiz divertido de la vida y costumbre de las mariposas \ud83e\udd8b<\/h1>\n        <div class=\"question\">\n            [Pregunta: 1] \u00bfCu\u00e1l es la mariposa \ud83e\udd8bm\u00e1s grande \ud83d\udccf del mundo?\n        <\/div>\n        <div class=\"options\">\n            <button onclick=\"checkAnswer(this, false)\">\ud83e\udd8b \ud83d\udccf Mariposa Monarca<\/button>\n            <button onclick=\"checkAnswer(this, true)\">\ud83e\udd8b \ud83d\udccf Mariposa Alas de P\u00e1jaro de la Reina Alejandra<\/button>\n            <button onclick=\"checkAnswer(this, false)\">\ud83e\udd8b \ud83d\udccf Mariposa Azul Morpho <\/button>\n            <button onclick=\"checkAnswer(this, false)\">\ud83e\udd8b \ud83d\udccf Mariposa Tigre <\/button>\n        <\/div>\n        <div id=\"explanation\" style=\"margin-top: 20px; padding: 15px; background: #f0f0f0; border-radius: 10px; display: none;\">\n            <p id=\"explanation-text\" style=\"color: #333; font-size: 1.1em;\"><\/p>\n        <\/div>\n    <\/div>\n\n    <svg id=\"catFeedback\" class=\"feedback\" width=\"300\" height=\"200\" viewBox=\"0 0 300 200\">\n        <circle cx=\"150\" cy=\"100\" r=\"80\" fill=\"#FFB6C1\"\/>\n        <!-- Cat face features -->\n        <path d=\"M110 60 L90 40 L110 50 Z\" fill=\"#FFB6C1\"\/> <!-- Left ear -->\n        <path d=\"M190 60 L210 40 L190 50 Z\" fill=\"#FFB6C1\"\/> <!-- Right ear -->\n        <!-- Eyes -->\n        <circle cx=\"120\" cy=\"90\" r=\"10\" fill=\"black\"\/>\n        <circle cx=\"180\" cy=\"90\" r=\"10\" fill=\"black\"\/>\n        <!-- Small white reflections in eyes -->\n        <circle cx=\"123\" cy=\"87\" r=\"3\" fill=\"white\"\/>\n        <circle cx=\"183\" cy=\"87\" r=\"3\" fill=\"white\"\/>\n        <!-- Nose -->\n        <path d=\"M145 105 L155 105 L150 112 Z\" fill=\"#FF9999\"\/>\n        <!-- Whiskers -->\n        <line x1=\"110\" y1=\"110\" x2=\"80\" y2=\"105\" stroke=\"black\" stroke-width=\"2\"\/>\n        <line x1=\"110\" y1=\"115\" x2=\"80\" y2=\"115\" stroke=\"black\" stroke-width=\"2\"\/>\n        <line x1=\"110\" y1=\"120\" x2=\"80\" y2=\"125\" stroke=\"black\" stroke-width=\"2\"\/>\n        <line x1=\"190\" y1=\"110\" x2=\"220\" y2=\"105\" stroke=\"black\" stroke-width=\"2\"\/>\n        <line x1=\"190\" y1=\"115\" x2=\"220\" y2=\"115\" stroke=\"black\" stroke-width=\"2\"\/>\n        <line x1=\"190\" y1=\"120\" x2=\"220\" y2=\"125\" stroke=\"black\" stroke-width=\"2\"\/>\n        <!-- Mouth -->\n        <path d=\"M140 120 Q150 125 160 120\" stroke=\"black\" stroke-width=\"2\" fill=\"none\"\/>\n        <!-- Speech bubble -->\n        <path d=\"M220 60 Q270 60 270 90 Q270 120 220 120 L210 120 L200 140 L190 120 L220 120 Q220 120 220 60\" \n              fill=\"white\" stroke=\"black\" stroke-width=\"2\"\/>\n        <text x=\"225\" y=\"100\" font-family=\"Comic Sans MS\" font-size=\"12\" id=\"feedbackText\"><\/text>\n    <\/svg>\n\n<script>\n\/\/ Array de respuestas correctas e incorrectas - Se usa para el conteo final\nlet correctAnswers = 0;\nlet incorrectAnswers = 0;\n\n\/\/ Objeto con las explicaciones para cada pregunta\n\/\/ Para agregar m\u00e1s explicaciones, a\u00f1ade un nuevo n\u00famero y sus respuestas correspondientes\nconst explanations = {\n    0: {\n        correct: \"\u2705 Correcto: Mariposa Alas de P\u00e1jaro de la Reina Alejandra \ud83d\udccf\ud83e\udd8b. Esta impresionante mariposa puede alcanzar hasta 30 cm de envergadura, \u00a1m\u00e1s grande que algunas aves peque\u00f1as! Solo se encuentra en Papua Nueva Guinea y es muy rara de ver [La Respuesta 1 es: !!Correcta!!]\",\n        incorrect: \"\u274c Incorrecto: La respuesta correcta es Mariposa Alas de P\u00e1jaro de la Reina Alejandra \ud83e\udd8b\ud83d\udccf. No, no es la Monarca en versi\u00f3n gimnasio levantando pesas. \ud83d\ude06 [La Respuesta 1 es: !!Incorrecta!!]\"\n    },\n    1: {\n        correct: \"\u2705 Correcto: 9-10 meses \ud83d\udc96\ud83e\udd8b. A diferencia de muchas mariposas que viven solo unas semanas, la generaci\u00f3n migratoria de la Monarca puede sobrevivir casi un a\u00f1o, viajando miles de kil\u00f3metros. [La Respuesta 2 es: !!Correcta!!] \",\n        incorrect: \"\u274c Incorrecto: La respuesta correcta es 9-10 meses \ud83d\udc96\ud83e\udd8b. No, no viven eternamente como criaturas m\u00e1gicas con superpoderes\u2026 aunque su viaje migratorio es digno de un h\u00e9roe. [La Respuesta 2 es: !!Incorrecta!!] \"\n    },\n    2: {\n        correct: \"\u2705 Correcto: Absorbiendo l\u00edquidos con su prob\u00f3scide \ud83c\udf54\ud83e\udd8b. Su boca es como un sorbete largo y enrollable, perfecto para beber n\u00e9ctar de las flores. [La Respuesta 3 es: !!Correcta!!] \",\n        incorrect: \"\u274c Incorrecto: La respuesta correcta es Absorbiendo l\u00edquidos con su prob\u00f3scide \ud83e\udd8b\ud83c\udf54. No, no piden hamburguesas en el restaurante ni mastican hojas\u2026 aunque ser\u00eda divertido imaginar una mariposa en un picnic con cubiertos. [La Respuesta  es: !!Incorrecta!!].\"\n    },\n    3: {\n        correct: \"\u2705 Correcto: 24,000 \ud83e\udd8b\ud83c\udf0e. Existen en casi todos los continentes y su variedad de colores y patrones es impresionante. [La Respuesta 4 es: !!Correcta!!]\",\n        incorrect: \"\u274c Incorrecto: La respuesta correcta es 24,000 \ud83e\udd8b\ud83c\udf0e. No, no son tan escasas como los billetes en mi cartera a fin de mes. [La Respuesta 4 es: !!Incorrecta!!].\"\n    },\n    4: {\n        correct: \"\u2705 Correcto: Ant\u00e1rtida \u2744\ufe0f\ud83e\udd8b. Las mariposas aman el calor, por lo que no pueden sobrevivir en las temperaturas extremas del Polo Sur. [La Respuesta 5 es: !!Correcta!!] \",\n        incorrect: \"\u274c Incorrecto: La respuesta correcta es Ant\u00e1rtida \u2744\ufe0f\ud83e\udd8b. No, no hay mariposas con bufanda y guantes revoloteando sobre los glaciares. [La Respuesta 5 es: !!Incorrecta!!].\"\n    },\n    5: {\n        correct: \"\u2705 Correcto: Ayudan a la termorregulaci\u00f3n \ud83e\udd8b. Permiten que la mariposa controle su temperatura corporal absorbiendo o reflejando la luz solar. [La Respuesta 6 es: !!Correcta!!] \",\n        incorrect: \"\u274c Incorrecto: La respuesta correcta es Ayudan a la termorregulaci\u00f3n \ud83e\udd8b. No, no son polvo m\u00e1gico de hada, aunque hacen que sus alas brillen espectacularmente. [La Respuesta 6 es: !!Incorrecta!!].\"\n    },\n    6: {\n        correct: \"\u2705 Correcto: Con sus patas \ud83c\udf54\ud83e\udd8b. Sus patas tienen sensores especializados que les permiten saborear las superficies donde aterrizan. [La Respuesta 7 es: !!Correcta!!] \",\n        incorrect: \"\u274c Incorrecto: La respuesta correcta es Con sus patas \ud83c\udf54\ud83e\udd8b. No, no tienen lengua para lamer una paleta como nosotros\u2026 aunque ser\u00eda gracioso ver una mariposa con un cono de helado. [La Respuesta 7 es: !!Incorrecta!!].\"\n    },\n    7: {\n        correct: \"\u2705 Correcto: 40 km\/h \ud83c\udfce\ufe0f\ud83e\udd8b. Algunas mariposas pueden volar incre\u00edblemente r\u00e1pido, especialmente cuando escapan de depredadores.[La Respuesta 8 es: !!Correcta!!].\",\n        incorrect: \"\u274c Incorrecto: La respuesta correcta es 40 km\/h \ud83c\udfce\ufe0f\ud83e\udd8b. No, no participan en carreras de F\u00f3rmula 1, pero algunas s\u00ed parecen tener un turbo secreto. [La Respuesta 8 es: !!incorrecta!!].\"\n    },\n    8: {\n        correct: \"\u2705 Correcto: Para asustar a los depredadores \ud83d\udc41\ufe0f\ud83e\udd8b. Los patrones se asemejan a los ojos de un animal m\u00e1s grande, lo que puede intimidar a posibles atacantes. [La Respuesta 9 es: !!Correcta!!]\",\n        incorrect: \"\u274c Incorrecto: La respuesta correcta es Para asustar a los depredadores \ud83d\udc41\ufe0f\ud83e\udd8b. No, no est\u00e1n practicando maquillaje extremo para una pasarela de moda. [La Respuesta 9 es: !!incorrecta!!]\"\n    },\n    9: {\n        correct: \"\u2705 Correcto: Minerales y sales \ud83c\udf3c\ud83e\udd8b. Obtienen estos nutrientes de charcos de agua y barro, lo que ayuda en su metabolismo. [La Respuesta 10 es: !!Correcta!!]\",\n        incorrect: \"\u274c Incorrecto: La respuesta correcta es Minerales y sales \ud83e\udd8b\ud83c\udf3c. No, no tienen una dieta especial de batidos energ\u00e9ticos y suplementos vitam\u00ednicos.[La Respuesta 9 es: !!incorrecta!!]\"\n    }\n};\n\n\/\/ Funci\u00f3n que verifica la respuesta seleccionada\n\/\/ No necesita modificaci\u00f3n a menos que quieras cambiar la animaci\u00f3n o el tiempo de espera\nfunction checkAnswer(button, isCorrect) {\n    const feedback = document.getElementById('catFeedback');\n    const feedbackText = document.getElementById('feedbackText');\n    const explanation = document.getElementById('explanation');\n    const explanationText = document.getElementById('explanation-text');\n    \n    feedback.style.display = 'block';\n    explanation.style.display = 'block';\n    \n    if (isCorrect) {\n        correctAnswers++;\n        confetti({\n            particleCount: 100,\n            spread: 70,\n            origin: { y: 0.6 }\n        });\n        feedbackText.textContent = \"\u00a1Es correcto!\";\n        explanationText.textContent = explanations[currentQuestion].correct;\n    } else {\n        incorrectAnswers++;\n        feedbackText.textContent = \"\u00a1Incorrecto!\";\n        explanationText.textContent = explanations[currentQuestion].incorrect;\n    }\n\n    setTimeout(() => {\n        feedback.style.display = 'none';\n        explanation.style.display = 'none';\n    }, 8000);\n\n    const buttons = document.querySelectorAll('.options button');\n    buttons.forEach(btn => btn.disabled = true);\n    \n    setTimeout(() => {\n        loadNextQuestion();\n    }, 8000);\n}\n\n\/\/ Array de preguntas y respuestas\n\/\/ Para agregar m\u00e1s preguntas, simplemente a\u00f1ade un nuevo objeto siguiendo el mismo formato\nconst questions = [\n    {\n        question: \"\u00bfPregunta ejemplo 01?\",\n        options: [\n            { text: \"Respuesta 01\", correct: false },\n            { text: \"Respuesta 02\", correct: true },\n            { text: \"Respuesta 03\", correct: false },\n            { text: \"Respuesta 04\", correct: false }\n        ]\n    },\n    {\n        question: \"[Pregunta 2] \u00bfCu\u00e1nto tiempo puede vivir  \ud83d\udc96 una mariposa Monarca \ud83e\udd8b?\",\n        options: [\n            { text: \"\ud83e\udd8b \ud83d\udc96 2 semanas \", correct: false },\n            { text: \"\ud83e\udd8b \ud83d\udc96 1 mes \", correct: false },\n            { text: \"\ud83e\udd8b \ud83d\udc96 9-10 meses\", correct: true },\n            { text: \"\ud83e\udd8b \ud83d\udc96 1 a\u00f1o \", correct: false }\n        ]\n    },\n    {\n        question: \"[Pregunta 3] \u00bfC\u00f3mo se alimentan \ud83c\udf54 las mariposas \ud83e\udd8b? \",\n        options: [\n            { text: \"\ud83e\udd8b \ud83c\udf54 Masticando hojas\", correct: false },\n            { text: \"\ud83e\udd8b \ud83c\udf54 Bebiendo agua de r\u00edos \", correct: false },\n            { text: \"\ud83e\udd8b \ud83c\udf54 Comiendo frutas \", correct: false },\n            { text: \"\ud83e\udd8b \ud83c\udf54 Absorbiendo l\u00edquidos con su prob\u00f3scide\", correct: true }\n        ]\n    },\n    {\n        question: \"[Pregunta 4] 4\ufe0f\u20e3 \u00bfCu\u00e1ntas especies de mariposas \ud83e\udd8b existen en el mundo \ud83c\udf0e?\",\n        options: [\n            { text: \"\ud83e\udd8b \ud83c\udf0e  10,000\", correct: false },\n            { text: \"\ud83e\udd8b \ud83c\udf0e  24,000\", correct: true },\n            { text: \"\ud83e\udd8b \ud83c\udf0e  50,000\", correct: false },\n            { text: \"\ud83e\udd8b \ud83c\udf0e  100,000\", correct: false }\n        ]\n    },\n    {\n        question: \"[Pregunta 5] \u00bfD\u00f3nde no se han encontrado mariposas\ud83e\udd8b \ud83c\udf0e?\",\n        options: [\n            { text: \"\ud83e\udd8b \u2744\ufe0f Ant\u00e1rtida\", correct: true },\n            { text: \"\ud83e\udd8b \ud83c\udf0d \u00c1frica\", correct: false },\n            { text: \"\ud83e\udd8b \ud83c\udf0eAm\u00e9rica del Sur \", correct: false },\n            { text: \"\ud83e\udd8b \ud83c\udf0dAsia \", correct: false }\n        ]\n    },\n    {\n        question: \"[Pregunta 6] 6\ufe0f\u20e3 \u00bfQu\u00e9 funci\u00f3n tienen las escamas en las alas de las mariposas \ud83e\udd8b?\",\n        options: [\n            { text: \"\ud83e\udd8b Solo decorativa \", correct: false },\n            { text: \"\ud83e\udd8b Ayudan a la termorregulaci\u00f3n\", correct: true },\n            { text: \"\ud83e\udd8b Facilitan el vuelo\", correct: false },\n            { text: \"\ud83e\udd8b Son resistentes al agua\", correct: false }\n        ]\n    },\n    {\n        question: \"[Pregunta 7] 7\ufe0f\u20e3 \u00bfC\u00f3mo pueden las mariposas \ud83e\udd8b detectar el sabor de los alimentos\ud83c\udf54?\",\n        options: [\n            { text: \"\ud83e\udd8b \ud83c\udf54 Con sus antenas \", correct: false },\n            { text: \"\ud83e\udd8b \ud83c\udf54 Con sus patas\", correct: true },\n            { text: \"\ud83e\udd8b \ud83c\udf54 Con su prob\u00f3scide \", correct: false },\n            { text: \"\ud83e\udd8b \ud83c\udf54 Con sus alas\", correct: false }\n        ]\n    },\n    {\n        question: \"[Pregunta 8] 8\ufe0f\u20e3 \u00bfCu\u00e1l es la velocidad m\u00e1xima \ud83c\udfce\ufe0f de vuelo de una mariposa\ud83e\udd8b?\",\n        options: [\n            { text: \"\ud83e\udd8b \ud83c\udfce\ufe0f  10 km\/h \", correct: false },\n            { text: \"\ud83e\udd8b \ud83c\udfce\ufe0f  20 km\/h \", correct: false },\n            { text: \"\ud83e\udd8b \ud83c\udfce\ufe0f  40 km\/h \", correct: true },\n            { text: \"\ud83e\udd8b \ud83c\udfce\ufe0f  60 km\/h \", correct: false }\n        ]\n    },\n    {\n        question: \"[Pregunta 9] 9\ufe0f\u20e3 \u00bfPor qu\u00e9 algunas mariposas \ud83e\udd8b tienen patrones de ojos \ud83d\udc41\ufe0f en sus alas? \",\n        options: [\n            { text: \"\ud83e\udd8b \ud83d\udc41\ufe0f Para atraer pareja \", correct: false },\n            { text: \"\ud83e\udd8b \ud83d\udc41\ufe0f Para camuflarse \", correct: true },\n            { text: \"\ud83e\udd8b \ud83d\udc41\ufe0f Para asustar a los depredadores\", correct: false },\n            { text: \"\ud83e\udd8b \ud83d\udc41\ufe0f Para regular su temperatura \", correct: false }\n        ]\n    },\n    {\n        question: \"[Pregunta 10] \ud83d\udd1f \u00bfQu\u00e9 necesitan las mariposas \ud83e\udd8b adem\u00e1s del n\u00e9ctar para sobrevivir \ud83c\udf3c?\",\n        options: [\n            { text: \"\ud83e\udd8b \ud83c\udf3c Minerales y sales\", correct: true },\n            { text: \"\ud83e\udd8b \ud83c\udf3c Polvo de flores \", correct: false },\n            { text: \"\ud83e\udd8b \ud83c\udf3c Agua pura \", correct: false },\n            { text: \"\ud83e\udd8b \ud83c\udf3c Frutas \", correct: false }\n        ]\n    }\n];\n\n\/\/ Variable que controla la pregunta actual\nlet currentQuestion = 0;\n\n\/\/ Funci\u00f3n para cargar la siguiente pregunta\n\/\/ Si necesitas modificar el formato de presentaci\u00f3n de las preguntas,\n\/\/ este es el lugar para hacerlo\nfunction loadNextQuestion() {\n    currentQuestion++;\n    if (currentQuestion < questions.length) {\n        const questionContainer = document.querySelector('.question');\n        const optionsContainer = document.querySelector('.options');\n        \n        questionContainer.textContent = questions[currentQuestion].question;\n        \n        optionsContainer.innerHTML = '';\n        questions[currentQuestion].options.forEach(option => {\n            const button = document.createElement('button');\n            button.textContent = option.text;\n            button.onclick = () => checkAnswer(button, option.correct);\n            optionsContainer.appendChild(button);\n        });\n    } else {\n        const quizContainer = document.querySelector('.quiz-container');\n        const percentage = (correctAnswers \/ questions.length) * 100;\n        \n        confetti({\n            particleCount: 200,\n            spread: 160,\n            origin: { y: 0.6 }\n        });\n\n        quizContainer.innerHTML = `\n            <h1>\u00a1Quiz completado! <\/h1>\n            <div class=\"score-display\">\n                <p>Respuestas correctas: <span class=\"score-number\">${correctAnswers}<\/span><\/p>\n                <p>Respuestas incorrectas: <span class=\"score-number\">${incorrectAnswers}<\/span><\/p>\n                <p>Porcentaje de acierto: <span class=\"score-number\">${percentage.toFixed(1)}%<\/span><\/p>\n            <\/div>\n            <p style=\"text-align: center; font-size: 1.2em; color: #666;\">\n                \u00a1Felicitaciones! \ud83e\udd73 Esperamos y hayas disfrutado de este quiz sobre Mariposas \ud83e\udd8b.\n                Este hermoso animal es muy interesante su vida costumbres y h\u00e1bitos.\n                Esperamos que lo hayas disfrutado \ud83d\ude04 y esperamos que sigas visitando nuestros quiz \ud83e\udd14\u2049\ufe0f.\n                Te deseamos lo mejor \u2665\ufe0f disfruta de la vida, Quierete mucho se feliz e impregna de felicidad \ud83d\ude01 a tu entorno.\n            <\/p>\n        `;\n    }\n}\n<\/script>\n<\/body>\n<\/html>\n","protected":false},"excerpt":{"rendered":"<p>Test o Quiz sobre Mariposas \ud83e\udd8b\ud83c\udf38 Quiz divertido de la vida y costumbre de las mariposas \ud83e\udd8b [Pregunta: 1] \u00bfCu\u00e1l &hellip; <\/p>\n","protected":false},"author":2,"featured_media":0,"parent":0,"menu_order":0,"comment_status":"closed","ping_status":"closed","template":"","meta":{"rank_math_lock_modified_date":false,"footnotes":""},"class_list":["post-205","page","type-page","status-publish","hentry"],"_links":{"self":[{"href":"https:\/\/eppaltamirano.com.mx\/index.php\/wp-json\/wp\/v2\/pages\/205"}],"collection":[{"href":"https:\/\/eppaltamirano.com.mx\/index.php\/wp-json\/wp\/v2\/pages"}],"about":[{"href":"https:\/\/eppaltamirano.com.mx\/index.php\/wp-json\/wp\/v2\/types\/page"}],"author":[{"embeddable":true,"href":"https:\/\/eppaltamirano.com.mx\/index.php\/wp-json\/wp\/v2\/users\/2"}],"replies":[{"embeddable":true,"href":"https:\/\/eppaltamirano.com.mx\/index.php\/wp-json\/wp\/v2\/comments?post=205"}],"version-history":[{"count":5,"href":"https:\/\/eppaltamirano.com.mx\/index.php\/wp-json\/wp\/v2\/pages\/205\/revisions"}],"predecessor-version":[{"id":254,"href":"https:\/\/eppaltamirano.com.mx\/index.php\/wp-json\/wp\/v2\/pages\/205\/revisions\/254"}],"wp:attachment":[{"href":"https:\/\/eppaltamirano.com.mx\/index.php\/wp-json\/wp\/v2\/media?parent=205"}],"curies":[{"name":"wp","href":"https:\/\/api.w.org\/{rel}","templated":true}]}}