{"id":188,"date":"2024-10-05T23:35:44","date_gmt":"2024-10-05T23:35:44","guid":{"rendered":"https:\/\/eppaltamirano.com.mx\/?page_id=188"},"modified":"2024-10-09T18:00:45","modified_gmt":"2024-10-09T18:00:45","slug":"primer-grado","status":"publish","type":"page","link":"https:\/\/eppaltamirano.com.mx\/index.php\/primer-grado\/","title":{"rendered":"Primer Grado"},"content":{"rendered":"\n<figure class=\"wp-block-image size-large\"><img loading=\"lazy\" decoding=\"async\" width=\"1024\" height=\"576\" src=\"https:\/\/eppaltamirano.com.mx\/wp-content\/uploads\/2024\/10\/Pantalla-Grande-1er-grado-1024x576.webp\" alt=\"\" class=\"wp-image-189\" srcset=\"https:\/\/eppaltamirano.com.mx\/wp-content\/uploads\/2024\/10\/Pantalla-Grande-1er-grado-1024x576.webp 1024w, https:\/\/eppaltamirano.com.mx\/wp-content\/uploads\/2024\/10\/Pantalla-Grande-1er-grado-300x169.webp 300w, https:\/\/eppaltamirano.com.mx\/wp-content\/uploads\/2024\/10\/Pantalla-Grande-1er-grado-768x432.webp 768w, https:\/\/eppaltamirano.com.mx\/wp-content\/uploads\/2024\/10\/Pantalla-Grande-1er-grado.webp 1280w\" sizes=\"(max-width: 1024px) 100vw, 1024px\" \/><\/figure>\n\n\n\n<p>Bienvenidos aqu\u00ed aprender\u00e1s y te divertir\u00e1s de lo lindo.<\/p>\n\n\n\n<p><\/p>\n","protected":false},"excerpt":{"rendered":"<p>Bienvenidos aqu\u00ed aprender\u00e1s y te divertir\u00e1s de lo lindo.<\/p>\n","protected":false},"author":1,"featured_media":0,"parent":0,"menu_order":0,"comment_status":"closed","ping_status":"closed","template":"","meta":{"rank_math_lock_modified_date":false,"footnotes":""},"class_list":["post-188","page","type-page","status-publish","hentry"],"_links":{"self":[{"href":"https:\/\/eppaltamirano.com.mx\/index.php\/wp-json\/wp\/v2\/pages\/188"}],"collection":[{"href":"https:\/\/eppaltamirano.com.mx\/index.php\/wp-json\/wp\/v2\/pages"}],"about":[{"href":"https:\/\/eppaltamirano.com.mx\/index.php\/wp-json\/wp\/v2\/types\/page"}],"author":[{"embeddable":true,"href":"https:\/\/eppaltamirano.com.mx\/index.php\/wp-json\/wp\/v2\/users\/1"}],"replies":[{"embeddable":true,"href":"https:\/\/eppaltamirano.com.mx\/index.php\/wp-json\/wp\/v2\/comments?post=188"}],"version-history":[{"count":4,"href":"https:\/\/eppaltamirano.com.mx\/index.php\/wp-json\/wp\/v2\/pages\/188\/revisions"}],"predecessor-version":[{"id":242,"href":"https:\/\/eppaltamirano.com.mx\/index.php\/wp-json\/wp\/v2\/pages\/188\/revisions\/242"}],"wp:attachment":[{"href":"https:\/\/eppaltamirano.com.mx\/index.php\/wp-json\/wp\/v2\/media?parent=188"}],"curies":[{"name":"wp","href":"https:\/\/api.w.org\/{rel}","templated":true}]}}