{"id":111,"date":"2021-03-15T22:47:56","date_gmt":"2021-03-15T22:47:56","guid":{"rendered":"http:\/\/eppaltamirano.com.mx\/?page_id=111"},"modified":"2024-10-05T23:00:14","modified_gmt":"2024-10-05T23:00:14","slug":"edu-en-linea","status":"publish","type":"page","link":"https:\/\/eppaltamirano.com.mx\/index.php\/edu-en-linea\/","title":{"rendered":"Edu en Linea"},"content":{"rendered":"\n<p>En el 2020 nos enfrentamos a un gran reto ya que debido al COVID-19 la escuela no pudo recibir a sus alumnos de manera presencial, sin embargo desde el primer d\u00eda nos mantuvimos en contacto con padres y alumnos a trav\u00e9s de los medios de comunicaci\u00f3n a nuestro alcance, en pocas semanas fuimos capaces de migrar las clases (incluyendo los talleres extraescolares) al modo virtual utilizando plataformas como G Suite for Education, aplicaciones y se adaptaron las estrategias para el desarrollo de habilidades y el logro de los aprendizajes esperados de nuestros estudiantes.<\/p>\n\n\n\n<figure class=\"wp-block-image size-large\"><img loading=\"lazy\" decoding=\"async\" width=\"1024\" height=\"530\" src=\"http:\/\/eppaltamirano.com.mx\/wp-content\/uploads\/2024\/10\/collage-clases-linea-maestros-2-1024x530.webp\" alt=\"Maestros del colegio dando clases virtuales, collage de im\u00e1genes en l\u00ednea.\" class=\"wp-image-176\" srcset=\"https:\/\/eppaltamirano.com.mx\/wp-content\/uploads\/2024\/10\/collage-clases-linea-maestros-2-1024x530.webp 1024w, https:\/\/eppaltamirano.com.mx\/wp-content\/uploads\/2024\/10\/collage-clases-linea-maestros-2-300x155.webp 300w, https:\/\/eppaltamirano.com.mx\/wp-content\/uploads\/2024\/10\/collage-clases-linea-maestros-2-768x398.webp 768w, https:\/\/eppaltamirano.com.mx\/wp-content\/uploads\/2024\/10\/collage-clases-linea-maestros-2.webp 1402w\" sizes=\"(max-width: 1024px) 100vw, 1024px\" \/><figcaption class=\"wp-element-caption\">Educaci\u00f3n en l\u00ednea: Profesores guiando a los alumnos desde casa.<\/figcaption><\/figure>\n\n\n\n<figure class=\"wp-block-image size-large\"><img loading=\"lazy\" decoding=\"async\" width=\"1024\" height=\"583\" src=\"http:\/\/eppaltamirano.com.mx\/wp-content\/uploads\/2024\/10\/collage-clases-linea-maestros-1-1024x583.webp\" alt=\"Maestros dando clases en l\u00ednea, collage de diferentes sesiones virtuales.\" class=\"wp-image-175\" srcset=\"https:\/\/eppaltamirano.com.mx\/wp-content\/uploads\/2024\/10\/collage-clases-linea-maestros-1-1024x583.webp 1024w, https:\/\/eppaltamirano.com.mx\/wp-content\/uploads\/2024\/10\/collage-clases-linea-maestros-1-300x171.webp 300w, https:\/\/eppaltamirano.com.mx\/wp-content\/uploads\/2024\/10\/collage-clases-linea-maestros-1-768x438.webp 768w, https:\/\/eppaltamirano.com.mx\/wp-content\/uploads\/2024\/10\/collage-clases-linea-maestros-1.webp 1220w\" sizes=\"(max-width: 1024px) 100vw, 1024px\" \/><figcaption class=\"wp-element-caption\">Maestros en acci\u00f3n: Clases en l\u00ednea desde el Colegio Ignacio Altamirano.<\/figcaption><\/figure>\n","protected":false},"excerpt":{"rendered":"<p>En el 2020 nos enfrentamos a un gran reto ya que debido al COVID-19 la escuela no pudo recibir a &hellip; <\/p>\n","protected":false},"author":1,"featured_media":0,"parent":0,"menu_order":0,"comment_status":"closed","ping_status":"closed","template":"","meta":{"rank_math_lock_modified_date":false,"footnotes":""},"class_list":["post-111","page","type-page","status-publish","hentry"],"_links":{"self":[{"href":"https:\/\/eppaltamirano.com.mx\/index.php\/wp-json\/wp\/v2\/pages\/111"}],"collection":[{"href":"https:\/\/eppaltamirano.com.mx\/index.php\/wp-json\/wp\/v2\/pages"}],"about":[{"href":"https:\/\/eppaltamirano.com.mx\/index.php\/wp-json\/wp\/v2\/types\/page"}],"author":[{"embeddable":true,"href":"https:\/\/eppaltamirano.com.mx\/index.php\/wp-json\/wp\/v2\/users\/1"}],"replies":[{"embeddable":true,"href":"https:\/\/eppaltamirano.com.mx\/index.php\/wp-json\/wp\/v2\/comments?post=111"}],"version-history":[{"count":2,"href":"https:\/\/eppaltamirano.com.mx\/index.php\/wp-json\/wp\/v2\/pages\/111\/revisions"}],"predecessor-version":[{"id":178,"href":"https:\/\/eppaltamirano.com.mx\/index.php\/wp-json\/wp\/v2\/pages\/111\/revisions\/178"}],"wp:attachment":[{"href":"https:\/\/eppaltamirano.com.mx\/index.php\/wp-json\/wp\/v2\/media?parent=111"}],"curies":[{"name":"wp","href":"https:\/\/api.w.org\/{rel}","templated":true}]}}