{"id":107,"date":"2021-03-15T22:36:40","date_gmt":"2021-03-15T22:36:40","guid":{"rendered":"http:\/\/eppaltamirano.com.mx\/?page_id=107"},"modified":"2021-03-15T22:36:40","modified_gmt":"2021-03-15T22:36:40","slug":"aviso-de-privacidad","status":"publish","type":"page","link":"https:\/\/eppaltamirano.com.mx\/index.php\/aviso-de-privacidad\/","title":{"rendered":"AVISO DE PRIVACIDAD"},"content":{"rendered":"\n<p>Con fundamento en los art\u00edculos 15 y 16 de la&nbsp;Ley Federal de Protecci\u00f3n de Datos Personales en Posesi\u00f3n de Particulares&nbsp;hacemos de su conocimiento que&nbsp;Escuela Primaria Particular Ignacio M. Altamirano S.C., con domicilio en&nbsp;Berriozabal 34 Col. Centro Tlalnepantla Mexico 54000 M\u00e9xico&nbsp;es responsable de recabar sus datos personales, del uso que se le d\u00e9 a los mismos y de su protecci\u00f3n.<\/p>\n\n\n\n<p>Su informaci\u00f3n personal ser\u00e1 utilizada para las siguientes finalidades: proveer los servicios y productos que ha solicitado; notificarle sobre nuevos servicios o productos que tengan relaci\u00f3n con los ya contratados o adquiridos; comunicarle sobre cambios en los mismos; elaborar estudios y programas que son necesarios para determinar h\u00e1bitos de consumo; realizar evaluaciones peri\u00f3dicas de nuestros productos y servicios a efecto de mejorar la calidad de los mismos; evaluar la calidad del servicio que brindamos, y en general, para dar cumplimiento a las obligaciones que hemos contra\u00eddo con usted.<\/p>\n\n\n\n<p>Para las finalidades antes mencionadas, requerimos obtener los siguientes datos personales:<\/p>\n\n\n\n<p>Nombre completo,&nbsp;Edad,&nbsp;Estado civil,&nbsp;Sexo,&nbsp;Tel\u00e9fono fijo y\/o celular,&nbsp;Correo electr\u00f3nico,&nbsp;Firma aut\u00f3grafa,&nbsp;Direcci\u00f3n,&nbsp;Nivel de escolaridad,&nbsp;RFC y\/o CURP<br>Con base en la ley en materia de protecci\u00f3n de datos personales en posesi\u00f3n de particulares, los siguientes datos son considerados sensibles:<\/p>\n\n\n\n<p>Padecimientos de salud<br>Es importante informarle que usted tiene derecho al Acceso, Rectificaci\u00f3n y Cancelaci\u00f3n de sus datos personales, a Oponerse al tratamiento de los mismos o a revocar el consentimiento que para dicho fin nos haya otorgado.<\/p>\n\n\n\n<p>Para ello, es necesario que env\u00ede la solicitud en los t\u00e9rminos que marca la Ley en su Art. 29 a Coordinador de datos Personales, responsable de nuestro Departamento de Protecci\u00f3n de Datos Personales, ubicado en Berriozabal 34 Col. Centro Tlalnepantla Mexico 54000 M\u00e9xico, o bien, se comunique al tel\u00e9fono (55)55651474 o v\u00eda correo electr\u00f3nico a&nbsp;<a href=\"mailto:eppaltamirano@infinitummail.com\">eppaltamirano@infinitummail.com<\/a>&nbsp;, el cual solicitamos confirme v\u00eda telef\u00f3nica para garantizar su correcta recepci\u00f3n.<\/p>\n\n\n\n<p>Por otra parte, hacemos de su conocimiento que sus datos podr\u00e1n ser transferidos a entidades del mismo grupo de inter\u00e9s de la empresa, nacionales o extranjeras, con el objetivo general de cumplir con las finalidades para las cuales ha proporcionado sus datos. Prop\u00f3sitos espec\u00edficos:Informaci\u00f3n fiscal al contador, tramite de documentos oficiales (boletas, actas de comit\u00e9s, etc.), emisi\u00f3n de facturas..<\/p>\n\n\n\n<p>En \u00e9ste sentido su informaci\u00f3n podr\u00e1 ser compartida con las empresas que a continuaci\u00f3n se mencionan:&nbsp;C.P. Gabriela Galicia Urrutia, Dependencias del Gobierno del Estado de M\u00e9xico, Secretar\u00eda de Hacienda y Cr\u00e9dito P\u00fablico<\/p>\n\n\n\n<p>En caso de que no obtengamos su oposici\u00f3n expresa para que sus datos personales sean transferidos en la forma y t\u00e9rminos antes descrita, entenderemos que ha otorgado su consentimiento en forma t\u00e1cita para ello.<\/p>\n\n\n\n<h1 class=\"wp-block-heading\">&nbsp;<\/h1>\n","protected":false},"excerpt":{"rendered":"<p>Con fundamento en los art\u00edculos 15 y 16 de la&nbsp;Ley Federal de Protecci\u00f3n de Datos Personales en Posesi\u00f3n de Particulares&nbsp;hacemos &hellip; <\/p>\n","protected":false},"author":1,"featured_media":0,"parent":0,"menu_order":0,"comment_status":"closed","ping_status":"closed","template":"","meta":{"rank_math_lock_modified_date":false,"footnotes":""},"class_list":["post-107","page","type-page","status-publish","hentry"],"_links":{"self":[{"href":"https:\/\/eppaltamirano.com.mx\/index.php\/wp-json\/wp\/v2\/pages\/107"}],"collection":[{"href":"https:\/\/eppaltamirano.com.mx\/index.php\/wp-json\/wp\/v2\/pages"}],"about":[{"href":"https:\/\/eppaltamirano.com.mx\/index.php\/wp-json\/wp\/v2\/types\/page"}],"author":[{"embeddable":true,"href":"https:\/\/eppaltamirano.com.mx\/index.php\/wp-json\/wp\/v2\/users\/1"}],"replies":[{"embeddable":true,"href":"https:\/\/eppaltamirano.com.mx\/index.php\/wp-json\/wp\/v2\/comments?post=107"}],"version-history":[{"count":1,"href":"https:\/\/eppaltamirano.com.mx\/index.php\/wp-json\/wp\/v2\/pages\/107\/revisions"}],"predecessor-version":[{"id":108,"href":"https:\/\/eppaltamirano.com.mx\/index.php\/wp-json\/wp\/v2\/pages\/107\/revisions\/108"}],"wp:attachment":[{"href":"https:\/\/eppaltamirano.com.mx\/index.php\/wp-json\/wp\/v2\/media?parent=107"}],"curies":[{"name":"wp","href":"https:\/\/api.w.org\/{rel}","templated":true}]}}